{"id":174,"date":"2025-08-09T15:09:29","date_gmt":"2025-08-09T13:09:29","guid":{"rendered":"http:\/\/s1060402292.online.de\/?page_id=174"},"modified":"2025-11-10T08:30:35","modified_gmt":"2025-11-10T07:30:35","slug":"impressum","status":"publish","type":"page","link":"https:\/\/metrope.at\/naxeon\/impressum\/","title":{"rendered":"Impressum"},"content":{"rendered":"<p>[et_pb_section fb_built=&#8220;1&#8243; _builder_version=&#8220;4.27.4&#8243; _module_preset=&#8220;default&#8220; background_color=&#8220;#000000&#8243; global_colors_info=&#8220;{}&#8220;][et_pb_row _builder_version=&#8220;4.27.4&#8243; _module_preset=&#8220;default&#8220; global_colors_info=&#8220;{}&#8220;][et_pb_column type=&#8220;4_4&#8243; _builder_version=&#8220;4.27.4&#8243; _module_preset=&#8220;default&#8220; global_colors_info=&#8220;{}&#8220;][et_pb_text _builder_version=&#8220;4.27.4&#8243; _module_preset=&#8220;default&#8220; background_color=&#8220;#000000&#8243; global_colors_info=&#8220;{}&#8220;]<\/p>\n<h1>Impressum<\/h1>\n<h4><strong>Angaben gem\u00e4\u00df \u00a7 5 ECG &amp; \u00a7 25 MedienG<\/strong><\/h4>\n<p>Metrope Mobility GmbH<br \/>Heiligenst\u00e4dter Stra\u00dfe 82\/19\/R01<br \/>1190 Wien<br \/>\u00d6sterreich<\/p>\n<p>Telefon: +43\u202f(0) 660 3146198<br \/>E-Mail: servus@metrope.at<br \/>Website: https:\/\/metrope.at\/naxeon<\/p>\n<p>Gesch\u00e4ftsf\u00fchrer: Mag. Nikolaus Ceipek, Mag. Georg Heilig<br \/>Firmenbuchnummer: FN <span>652560y<\/span><br \/>Firmenbuchgericht: Handelsgericht Wien<br \/>UID-Nummer: ATU82121008<\/p>\n<p>Mitglied der Wirtschaftskammer \u00d6sterreich (WK\u00d6)<br \/>Gewerbeordnung: www.ris.bka.gv.at<\/p>\n<p>Aufsichtsbeh\u00f6rde: Zust\u00e4ndiges Magistratisches Bezirksamt in Wien<\/p>\n<p>Verantwortlich f\u00fcr den Inhalt:<br \/>Mag. Nikolaus Ceipek<\/p>\n<p><strong>Datenschutzerkl\u00e4rung<\/strong><br \/><strong>Allgemeines<\/strong><br \/>Der Schutz Ihrer pers\u00f6nlichen Daten ist uns ein besonderes Anliegen. Wir verarbeiten Ihre Daten daher ausschlie\u00dflich auf Grundlage der gesetzlichen Bestimmungen (DSGVO, TKG 2003). In diesen Datenschutzinformationen informieren wir Sie \u00fcber die wichtigsten Aspekte der Datenverarbeitung auf unserer Website.<\/p>\n<p>Kontakt mit uns<br \/>Wenn Sie per Formular auf der Website oder per E-Mail Kontakt mit uns aufnehmen, werden Ihre angegebenen Daten zwecks Bearbeitung der Anfrage und f\u00fcr den Fall von Anschlussfragen sechs Monate bei uns gespeichert. Diese Daten geben wir nicht ohne Ihre Einwilligung weiter.<\/p>\n<p>Buchungssystem (Gravity Forms &amp; Firebase)<br \/>F\u00fcr die Buchung von Probefahrten verwenden wir das Kontakt-\/Buchungsformular von Gravity Forms. Die von Ihnen eingegebenen Daten (z.\u202fB. Name, E-Mail, gew\u00fcnschtes Modell, Termin) werden zur Abwicklung Ihrer Anfrage \u00fcber eine verschl\u00fcsselte Verbindung an unser Buchungssystem gesendet und zus\u00e4tzlich auf Servern von Google (Firebase, USA\/EU) gespeichert.<br \/>Firebase wird ausschlie\u00dflich zur sicheren und effizienten Verwaltung der Buchungsdaten verwendet. Weitere Informationen finden Sie unter:<br \/>https:\/\/firebase.google.com\/support\/privacy<\/p>\n<p>Rechtsgrundlage: Die Verarbeitung erfolgt gem\u00e4\u00df Art. 6 Abs. 1 lit. b DSGVO (Vertragserf\u00fcllung) und\/oder auf Basis Ihrer Einwilligung (Art. 6 Abs. 1 lit. a DSGVO).<\/p>\n<p>Ihre Daten werden nicht an unberechtigte Dritte weitergegeben.<\/p>\n<p>Cookies<br \/>Unsere Website verwendet sogenannte Cookies. Sie richten keinen Schaden an und enthalten keine Viren. Cookies dienen dazu, unser Angebot nutzerfreundlich zu gestalten. Einige Cookies bleiben auf Ihrem Endger\u00e4t gespeichert, bis Sie diese l\u00f6schen. Sie erm\u00f6glichen es uns, Ihren Browser beim n\u00e4chsten Besuch wiederzuerkennen.<\/p>\n<p>Ihre Rechte<br \/>Ihnen stehen grunds\u00e4tzlich die Rechte auf Auskunft, Berichtigung, L\u00f6schung, Einschr\u00e4nkung, Daten\u00fcbertragbarkeit, Widerruf und Widerspruch zu.<br \/>Wenn Sie glauben, dass die Verarbeitung Ihrer Daten gegen das Datenschutzrecht verst\u00f6\u00dft oder Ihre datenschutzrechtlichen Anspr\u00fcche sonst in einer Weise verletzt worden sind, k\u00f6nnen Sie sich bei der Aufsichtsbeh\u00f6rde beschweren. In \u00d6sterreich ist dies die Datenschutzbeh\u00f6rde.<\/p>\n<p>Kontakt f\u00fcr Datenschutzanfragen:<br \/>E-Mail: servus@metrope.at<\/p>\n<p>Letzte Aktualisierung: Juni 2025<\/p>\n<p>[\/et_pb_text][\/et_pb_column][\/et_pb_row][\/et_pb_section]<\/p>\n","protected":false},"excerpt":{"rendered":"<p>Impressum Angaben gem\u00e4\u00df \u00a7 5 ECG &amp; \u00a7 25 MedienG Metrope Mobility GmbHHeiligenst\u00e4dter Stra\u00dfe 82\/19\/R011190 Wien\u00d6sterreich Telefon: +43\u202f(0) 660 3146198E-Mail: servus@metrope.atWebsite: https:\/\/metrope.at\/naxeon Gesch\u00e4ftsf\u00fchrer: Mag. Nikolaus Ceipek, Mag. Georg HeiligFirmenbuchnummer: FN 652560yFirmenbuchgericht: Handelsgericht WienUID-Nummer: ATU82121008 Mitglied der Wirtschaftskammer \u00d6sterreich (WK\u00d6)Gewerbeordnung: www.ris.bka.gv.at Aufsichtsbeh\u00f6rde: Zust\u00e4ndiges Magistratisches Bezirksamt in Wien Verantwortlich f\u00fcr den Inhalt:Mag. Nikolaus Ceipek Datenschutzerkl\u00e4rungAllgemeinesDer Schutz Ihrer [&hellip;]<\/p>\n","protected":false},"author":1,"featured_media":0,"parent":0,"menu_order":0,"comment_status":"closed","ping_status":"closed","template":"","meta":{"_et_pb_use_builder":"on","_et_pb_old_content":"","_et_gb_content_width":"","footnotes":""},"class_list":["post-174","page","type-page","status-publish","hentry"],"_links":{"self":[{"href":"https:\/\/metrope.at\/naxeon\/wp-json\/wp\/v2\/pages\/174","targetHints":{"allow":["GET"]}}],"collection":[{"href":"https:\/\/metrope.at\/naxeon\/wp-json\/wp\/v2\/pages"}],"about":[{"href":"https:\/\/metrope.at\/naxeon\/wp-json\/wp\/v2\/types\/page"}],"author":[{"embeddable":true,"href":"https:\/\/metrope.at\/naxeon\/wp-json\/wp\/v2\/users\/1"}],"replies":[{"embeddable":true,"href":"https:\/\/metrope.at\/naxeon\/wp-json\/wp\/v2\/comments?post=174"}],"version-history":[{"count":6,"href":"https:\/\/metrope.at\/naxeon\/wp-json\/wp\/v2\/pages\/174\/revisions"}],"predecessor-version":[{"id":471,"href":"https:\/\/metrope.at\/naxeon\/wp-json\/wp\/v2\/pages\/174\/revisions\/471"}],"wp:attachment":[{"href":"https:\/\/metrope.at\/naxeon\/wp-json\/wp\/v2\/media?parent=174"}],"curies":[{"name":"wp","href":"https:\/\/api.w.org\/{rel}","templated":true}]}}