{"id":430,"date":"2025-08-21T14:30:19","date_gmt":"2025-08-21T12:30:19","guid":{"rendered":"https:\/\/www.naxeon.at\/?page_id=430"},"modified":"2025-08-21T15:03:30","modified_gmt":"2025-08-21T13:03:30","slug":"datenschutz","status":"publish","type":"page","link":"https:\/\/metrope.at\/naxeon\/datenschutz\/","title":{"rendered":"Datenschutz"},"content":{"rendered":"<p>[et_pb_section fb_built=&#8220;1&#8243; _builder_version=&#8220;4.27.4&#8243; _module_preset=&#8220;default&#8220; background_color=&#8220;#000000&#8243; global_colors_info=&#8220;{}&#8220;][et_pb_row _builder_version=&#8220;4.27.4&#8243; _module_preset=&#8220;default&#8220; global_colors_info=&#8220;{}&#8220;][et_pb_column type=&#8220;4_4&#8243; _builder_version=&#8220;4.27.4&#8243; _module_preset=&#8220;default&#8220; global_colors_info=&#8220;{}&#8220;][et_pb_text _builder_version=&#8220;4.27.4&#8243; _module_preset=&#8220;default&#8220; background_color=&#8220;#000000&#8243; global_colors_info=&#8220;{}&#8220;]<\/p>\n<h3><span style=\"font-weight: 400;\">Erkl\u00e4rung zur Informationspflicht<\/span><\/h3>\n<p>&nbsp;<\/p>\n<h5><span style=\"font-weight: 400;\">Datenschutzerkl\u00e4rung<\/span><\/h5>\n<p><span style=\"font-weight: 400;\">In folgender Datenschutzerkl\u00e4rung informieren wir Sie \u00fcber die wichtigsten Aspekte der Datenverarbeitung im Rahmen unserer Webseite. Wir erheben und verarbeiten personenbezogene Daten nur auf Grundlage der gesetzlichen Bestimmungen (Datenschutzgrundverordnung, Telekommunikationsgesetz 2003).<\/span><\/p>\n<p><span style=\"font-weight: 400;\">Sobald Sie als Benutzer auf unsere Webseite zugreifen oder diese besuchen wird Ihre IP-Adresse, Beginn sowie Beginn und Ende der Sitzung erfasst. Dies ist technisch bedingt und stellt somit ein berechtigtes Interesse iSv Art 6 Abs 1 lit f DSGVO.<\/span><\/p>\n<h5><span style=\"font-weight: 400;\">Kontakt mit uns<\/span><\/h5>\n<p><span style=\"font-weight: 400;\">Wenn Sie uns, entweder \u00fcber unser Kontaktformular auf unserer Webseite, oder per Email kontaktieren, dann werden die von Ihnen an uns \u00fcbermittelten Daten zwecks Bearbeitung Ihrer Anfrage oder f\u00fcr den Fall von weiteren Anschlussfragen f\u00fcr sechs Monate bei uns gespeichert. Es erfolgt, ohne Ihre Einwilligung, keine Weitergabe Ihrer \u00fcbermittelten Daten.<\/span><\/p>\n<h5><span style=\"font-weight: 400;\">Datenspeicherung<\/span><\/h5>\n<p><span style=\"font-weight: 400;\">Im Rahmen der Erleichterung des Einkaufsvorganges und zur sp\u00e4teren Vertragsabwicklung werden vom Webshop-Betreiber im Rahmen von Cookies die IP-Adresse des Anschlussinhabers gespeichert, ebenso wie Name, Anschrift, Email, Telefonnummer, Zahlungsinformationen,.<\/span><\/p>\n<p><span style=\"font-weight: 400;\">F\u00fcr die Vertragsabwicklung werden auch folgende Daten bei uns gespeichert:<\/span><span style=\"font-weight: 400;\"><br \/><\/span><span style=\"font-weight: 400;\">Name, Anschrift, Email, Telefonnummer.<\/span><\/p>\n<p><span style=\"font-weight: 400;\">Die von Ihnen bereitgestellten Daten sind f\u00fcr die Vertragserf\u00fcllung und zur Durchf\u00fchrung vorvertraglicher Ma\u00dfnahmen erforderlich. Ein Vertragsabschluss ohne diese Daten ist nicht m\u00f6glich. Eine \u00dcbermittlung der erhobenen Daten an Dritte erfolgt nicht, mit Ausnahme der \u00dcbermittlung von Zahlungsdaten (Kreditkartendaten) an die abwickelnden Bankinstitute\/Zahlungsdienstleister zum Zwecke der Abbuchung des Einkaufspreises, an das von uns Beauftragte Versandunternehmen (Transportunternehmen), welches mit der Zustellung der Ware beauftragt ist und unseren Steuerberater zur Erf\u00fcllung unserer steuerrechtlichen Verpflichtungen.<\/span><\/p>\n<p><span style=\"font-weight: 400;\">Sollten Sie den Einkaufsvorgang abbrechen, werden diese bei uns gespeicherten Daten gel\u00f6scht. Sollte ein Vertragsabschluss zustande kommen, werden s\u00e4mtliche Daten resultierend aus dem Vertragsverh\u00e4ltnis, bis zum Ablauf der steuerrechtlichen Aufbewahrungsfirst (7 Jahre) gespeichert. Der \u00fcbermittelte Name, die Anschrift, gekaufte Waren und Kaufdatum werden dar\u00fcber hinaus bis zum Ablauf der Produkthaftung (10 Jahre) gespeichert. Die Datenverarbeitung erfolgt auf Basis der gesetzlichen Bestimmungen des \u00a7 96 Abs 3 TKG sowie des Art 6 Abs 1 lit a (Einwilligung) und\/oder lit b (notwendig zur Vertragserf\u00fcllung) der DSGVO.<\/span><\/p>\n<h5><span style=\"font-weight: 400;\">Cookies<\/span><\/h5>\n<p><span style=\"font-weight: 400;\">Unsere Website verwendet so genannte Cookies. Dabei handelt es sich um kleine Textdateien, die mit Hilfe des Browsers auf Ihrem Endger\u00e4t abgelegt werden. Sie richten keinen Schaden an. Wir nutzen Cookies dazu, unser Angebot nutzerfreundlich zu gestalten. Einige Cookies bleiben auf Ihrem Endger\u00e4t gespeichert, bis Sie diese l\u00f6schen. Sie erm\u00f6glichen es uns, Ihren Browser beim n\u00e4chsten Besuch wiederzuerkennen. Wenn Sie dies nicht w\u00fcnschen, so k\u00f6nnen Sie Ihren Browser so einrichten, dass er Sie \u00fcber das Setzen von Cookies informiert und Sie dies nur im Einzelfall erlauben. Bei der Deaktivierung von Cookies kann die Funktionalit\u00e4t unserer Website eingeschr\u00e4nkt sein.<\/span><\/p>\n<h5><span style=\"font-weight: 400;\">Google Maps<\/span><\/h5>\n<p><span style=\"font-weight: 400;\">Unsere Website verwendet Funktionen des Webkartendienstes \u201eGoogle Maps\u201c. Der Dienstanbieter dieser Funktion ist:<\/span><\/p>\n<ul>\n<li style=\"font-weight: 400;\" aria-level=\"1\"><span style=\"font-weight: 400;\">Google Ireland Limited Gordon House, Barrow Street Dublin 4. Ireland. Tel: +353 1 543 1000<\/span><\/li>\n<\/ul>\n<p><span style=\"font-weight: 400;\">Im Zuge der Nutzung von Google Maps ist es notwendig Ihre IP-Adresse zu speichern und zu verarbeiten. Google \u00fcbertr\u00e4gt in der Regel an einen Server in den USA und speichert die Daten dort. Die Verarbeitung geschieht durch den Diensteanbieter (oben genannt), der Betreiber dieser Homepage hat keinen Einfluss auf die \u00dcbertragung der Daten.<\/span><\/p>\n<p><span style=\"font-weight: 400;\">Die Datenverarbeitung erfolgt auf Basis der gesetzlichen Bestimmungen des \u00a7 96 Abs 3 TKG sowie des Art 6 Abs 1 lit f (berechtigtes Interesse) der DSGVO. Die Nutzung von Google Maps erh\u00f6ht die Auffindbarkeit der Orte, welche auf unserer Webseite bereitgestellt werden.<\/span><\/p>\n<p><span style=\"font-weight: 400;\">Weitere Informationen \u00fcber den Umgang mit Nutzerdaten des Diensteanbieters \u201eGoogle\u201c k\u00f6nnen Sie der Datenschutzerkl\u00e4rung entnehmen:<\/span><\/p>\n<p><span style=\"color: #ffff00;\"><a href=\"https:\/\/policies.google.com\/privacy?hl=de\" style=\"color: #ffff00;\"><span style=\"font-weight: 400;\">https:\/\/policies.google.com\/privacy?hl=de\u00a0<\/span><\/a><\/span><\/p>\n<p><span style=\"font-weight: 400;\">Google verarbeitet die Daten auch in den USA, hat sich jedoch dem<\/span><span style=\"font-weight: 400;\"><br \/><\/span><span style=\"font-weight: 400;\">EU-US Privacy-Shield unterworfen.<\/span><\/p>\n<p><span style=\"color: #ffff00;\"><a href=\"https:\/\/www.privacyshield.gov\/EU-US-Framework\" style=\"color: #ffff00;\"><span style=\"font-weight: 400;\">https:\/\/www.privacyshield.gov\/EU-US-Framework<\/span><\/a><\/span><\/p>\n<h5><span style=\"font-weight: 400;\">Google Fonts<\/span><\/h5>\n<p><span style=\"font-weight: 400;\">Unsere Website verwendet Schriftarten von \u201eGoogle Fonts\u201c. Der Dienstanbieter dieser Funktion ist:<\/span><\/p>\n<ul>\n<li style=\"font-weight: 400;\" aria-level=\"1\"><span style=\"font-weight: 400;\">Google Ireland Limited Gordon House, Barrow Street Dublin 4. Ireland<\/span><\/li>\n<\/ul>\n<p><span style=\"font-weight: 400;\">Tel: +353 1 543 1000<\/span><\/p>\n<p><span style=\"font-weight: 400;\">Beim Aufrufen dieser Webseite l\u00e4dt Ihr Browser Schriftarten und speichert diese in den Cache. Da Sie, als Besucher der Webseite, Daten des Dienstanbieters empfangen kann Google unter Umst\u00e4nden Cookies auf Ihrem Rechner setzen oder analysieren.<\/span><\/p>\n<p><span style=\"font-weight: 400;\">Die Nutzung von \u201eGoogle-Fonts\u201c dient der Optimierung unserer Dienstleistung und der einheitlichen Darstellung von Inhalten. Dies stellt ein berechtigtes Interesse im Sinne von Art. 6 Abs. 1 lit. f DSGVO dar.<\/span><\/p>\n<p><span style=\"font-weight: 400;\">Weitere Informationen zu Google Fonts erhalten Sie unter folgendem Link:<\/span><\/p>\n<p><span style=\"color: #ffff00;\"><a href=\"https:\/\/developers.google.com\/fonts\/faq\" style=\"color: #ffff00;\"><span style=\"font-weight: 400;\">https:\/\/developers.google.com\/fonts\/faq<\/span><\/a><\/span><\/p>\n<p><span style=\"font-weight: 400;\">Weitere Informationen \u00fcber den Umgang mit Nutzerdaten von Google k\u00f6nnen Sie der Datenschutzerkl\u00e4rung entnehmen:<\/span><\/p>\n<p><a href=\"https:\/\/policies.google.com\/privacy?hl=de\"><span style=\"font-weight: 400;\"><span style=\"color: #ffff00;\">https:\/\/policies.google.com\/privacy?hl=de<\/span>\u00a0<\/span><\/a><\/p>\n<p><span style=\"font-weight: 400;\">Google verarbeitet die Daten auch in den USA, hat sich jedoch dem<\/span><span style=\"font-weight: 400;\"><br \/><\/span><span style=\"font-weight: 400;\">EU-US Privacy-Shield unterworfen.<\/span><\/p>\n<p><span style=\"color: #ffff00;\"><a href=\"https:\/\/www.privacyshield.gov\/EU-US-Framework\" style=\"color: #ffff00;\"><span style=\"font-weight: 400;\">https:\/\/www.privacyshield.gov\/EU-US-Framework<\/span><\/a><\/span><\/p>\n<h5><span style=\"font-weight: 400;\">Server-Log Files<\/span><\/h5>\n<p><span style=\"font-weight: 400;\">Diese Webseite und der damit verbundene Provider erhebt im Zuge der Webseitennutzung automatisch Informationen im Rahmen sogenannter \u201eServer-Log Files\u201c. Dies betrifft insbesondere:<\/span><\/p>\n<ul>\n<li style=\"font-weight: 400;\" aria-level=\"1\"><span style=\"font-weight: 400;\">IP-Adresse oder Hostname<\/span><\/li>\n<li style=\"font-weight: 400;\" aria-level=\"1\"><span style=\"font-weight: 400;\">den verwendeten Browser<\/span><\/li>\n<li style=\"font-weight: 400;\" aria-level=\"1\"><span style=\"font-weight: 400;\">Aufenthaltsdauer auf der Webseite sowie Datum und Uhrzeit<\/span><\/li>\n<li style=\"font-weight: 400;\" aria-level=\"1\"><span style=\"font-weight: 400;\">aufgerufene Seiten der Webseite<\/span><\/li>\n<li style=\"font-weight: 400;\" aria-level=\"1\"><span style=\"font-weight: 400;\">Spracheinstellungen und Betriebssystem<\/span><\/li>\n<li style=\"font-weight: 400;\" aria-level=\"1\"><span style=\"font-weight: 400;\">\u201eLeaving-Page\u201c (auf welcher URL hat der Benutzer die Webseite verlassen)<\/span><\/li>\n<li style=\"font-weight: 400;\" aria-level=\"1\"><span style=\"font-weight: 400;\">ISP (Internet Service Provider)<\/span><\/li>\n<\/ul>\n<p><span style=\"font-weight: 400;\">Diese erhobenen Informationen werden nicht personenbezogen verarbeitet oder mit personenbezogenen Daten in Verbindung gebracht.<\/span><\/p>\n<p><span style=\"font-weight: 400;\">Der Webseitenbetreiber beh\u00e4lt es sich vor, im Falle von Bekanntwerden rechtswidriger T\u00e4tigkeiten, diese Daten auszuwerten oder zu \u00fcberpr\u00fcfen.<\/span><\/p>\n<h5><span style=\"font-weight: 400;\">Newsletter<\/span><\/h5>\n<p><span style=\"font-weight: 400;\">Sie haben die M\u00f6glichkeit, \u00fcber unsere Website unseren Newsletter zu abonnieren. Hierf\u00fcr ben\u00f6tigen wir Ihre E-Mail-Adresse und ihre Erkl\u00e4rung, dass Sie mit dem Bezug des Newsletters einverstanden sind.<\/span><\/p>\n<h5><span style=\"font-weight: 400;\">Ihre Rechte als Betroffener<\/span><\/h5>\n<p><span style=\"font-weight: 400;\">Sie als Betroffener haben bez\u00fcglich Ihrer Daten, welche bei uns gespeichert sind grunds\u00e4tzlich ein Recht auf:<\/span><\/p>\n<ul>\n<li style=\"font-weight: 400;\" aria-level=\"1\"><span style=\"font-weight: 400;\">Auskunft<\/span><\/li>\n<li style=\"font-weight: 400;\" aria-level=\"1\"><span style=\"font-weight: 400;\">L\u00f6schung der Daten<\/span><\/li>\n<li style=\"font-weight: 400;\" aria-level=\"1\"><span style=\"font-weight: 400;\">Berichtigung der Daten<\/span><\/li>\n<li style=\"font-weight: 400;\" aria-level=\"1\"><span style=\"font-weight: 400;\">\u00dcbertragbarkeit der Daten<\/span><\/li>\n<li style=\"font-weight: 400;\" aria-level=\"1\"><span style=\"font-weight: 400;\">Wiederruf und Widerspruch zur Datenverarbeitung<\/span><\/li>\n<li style=\"font-weight: 400;\" aria-level=\"1\"><span style=\"font-weight: 400;\">Einschr\u00e4nkung<\/span><\/li>\n<\/ul>\n<p><span style=\"font-weight: 400;\">Wenn sie vermuten, dass im Zuge der Verarbeitung Ihrer Daten Verst\u00f6\u00dfe gegen das Datenschutzrecht passiert sind, so haben Sie die M\u00f6glichkeit sich bei uns () oder der Datenschutzbeh\u00f6rde zu beschweren.<\/span><\/p>\n<h5><span style=\"font-weight: 400;\">Sie erreichen uns unter folgenden Kontaktdaten:<\/span><\/h5>\n<p><span style=\"font-weight: 400;\">Webseitenbetreiber: Metrope Mobility GmbH<\/span><span style=\"font-weight: 400;\"><br \/><\/span><span style=\"font-weight: 400;\">Telefonnummer: +43\u202f(0) 660 3146198<\/span><span style=\"font-weight: 400;\"><br \/><\/span><span style=\"font-weight: 400;\">Email: servus@metrope.at<\/span><\/p>\n<p><span style=\"font-weight: 400;\">Quelle: <\/span><span style=\"color: #00ccff;\"><a href=\"https:\/\/www.fairesrecht.at\/kostenlos-datenschutzerklaerung-erstellen-generator.php\" style=\"color: #00ccff;\"><span style=\"font-weight: 400;\">Datenschutzgenerator \u00d6sterreich DSGVO<\/span><\/a><\/span><\/p>\n<p>[\/et_pb_text][\/et_pb_column][\/et_pb_row][\/et_pb_section]<\/p>\n","protected":false},"excerpt":{"rendered":"<p>Erkl\u00e4rung zur Informationspflicht &nbsp; Datenschutzerkl\u00e4rung In folgender Datenschutzerkl\u00e4rung informieren wir Sie \u00fcber die wichtigsten Aspekte der Datenverarbeitung im Rahmen unserer Webseite. Wir erheben und verarbeiten personenbezogene Daten nur auf Grundlage der gesetzlichen Bestimmungen (Datenschutzgrundverordnung, Telekommunikationsgesetz 2003). Sobald Sie als Benutzer auf unsere Webseite zugreifen oder diese besuchen wird Ihre IP-Adresse, Beginn sowie Beginn und Ende [&hellip;]<\/p>\n","protected":false},"author":1,"featured_media":0,"parent":0,"menu_order":0,"comment_status":"closed","ping_status":"closed","template":"","meta":{"_et_pb_use_builder":"on","_et_pb_old_content":"","_et_gb_content_width":"","footnotes":""},"class_list":["post-430","page","type-page","status-publish","hentry"],"_links":{"self":[{"href":"https:\/\/metrope.at\/naxeon\/wp-json\/wp\/v2\/pages\/430","targetHints":{"allow":["GET"]}}],"collection":[{"href":"https:\/\/metrope.at\/naxeon\/wp-json\/wp\/v2\/pages"}],"about":[{"href":"https:\/\/metrope.at\/naxeon\/wp-json\/wp\/v2\/types\/page"}],"author":[{"embeddable":true,"href":"https:\/\/metrope.at\/naxeon\/wp-json\/wp\/v2\/users\/1"}],"replies":[{"embeddable":true,"href":"https:\/\/metrope.at\/naxeon\/wp-json\/wp\/v2\/comments?post=430"}],"version-history":[{"count":4,"href":"https:\/\/metrope.at\/naxeon\/wp-json\/wp\/v2\/pages\/430\/revisions"}],"predecessor-version":[{"id":441,"href":"https:\/\/metrope.at\/naxeon\/wp-json\/wp\/v2\/pages\/430\/revisions\/441"}],"wp:attachment":[{"href":"https:\/\/metrope.at\/naxeon\/wp-json\/wp\/v2\/media?parent=430"}],"curies":[{"name":"wp","href":"https:\/\/api.w.org\/{rel}","templated":true}]}}